{"id":105,"date":"2020-09-03T14:46:32","date_gmt":"2020-09-03T12:46:32","guid":{"rendered":"http:\/\/zameklubniewice.pl\/?page_id=105"},"modified":"2020-09-14T14:05:07","modified_gmt":"2020-09-14T12:05:07","slug":"the-crown-game","status":"publish","type":"page","link":"http:\/\/zameklubniewice.pl\/?page_id=105","title":{"rendered":"The Crown- Game"},"content":{"rendered":"\t\t<div data-elementor-type=\"wp-page\" data-elementor-id=\"105\" class=\"elementor elementor-105\" data-elementor-settings=\"[]\">\n\t\t\t\t\t\t<div class=\"elementor-inner\">\n\t\t\t\t\t\t\t<div class=\"elementor-section-wrap\">\n\t\t\t\t\t\t\t<section class=\"elementor-section elementor-top-section elementor-element elementor-element-541ff394 elementor-section-boxed elementor-section-height-default elementor-section-height-default\" data-id=\"541ff394\" data-element_type=\"section\">\n\t\t\t\t\t\t<div class=\"elementor-container elementor-column-gap-default\">\n\t\t\t\t\t\t\t<div class=\"elementor-row\">\n\t\t\t\t\t<div class=\"elementor-column elementor-col-100 elementor-top-column elementor-element elementor-element-1f68d4d4\" data-id=\"1f68d4d4\" data-element_type=\"column\">\n\t\t\t<div class=\"elementor-column-wrap elementor-element-populated\">\n\t\t\t\t\t\t\t<div class=\"elementor-widget-wrap\">\n\t\t\t\t\t\t<div class=\"elementor-element elementor-element-482cfe44 elementor-widget elementor-widget-text-editor\" data-id=\"482cfe44\" data-element_type=\"widget\" data-widget_type=\"text-editor.default\">\n\t\t\t\t<div class=\"elementor-widget-container\">\n\t\t\t\t\t<div class=\"elementor-text-editor elementor-clearfix\"><!-- wp:paragraph -->\n<h1>The Crown Korona Rzeczpospolitej- Game<\/h1>\n<!-- \/wp:paragraph --><\/div>\n\t\t\t\t<\/div>\n\t\t\t\t<\/div>\n\t\t\t\t\t\t<\/div>\n\t\t\t\t\t<\/div>\n\t\t<\/div>\n\t\t\t\t\t\t\t\t<\/div>\n\t\t\t\t\t<\/div>\n\t\t<\/section>\n\t\t\t\t<section class=\"elementor-section elementor-top-section elementor-element elementor-element-046923a elementor-section-boxed elementor-section-height-default elementor-section-height-default\" data-id=\"046923a\" data-element_type=\"section\">\n\t\t\t\t\t\t<div class=\"elementor-container elementor-column-gap-default\">\n\t\t\t\t\t\t\t<div class=\"elementor-row\">\n\t\t\t\t\t<div class=\"elementor-column elementor-col-100 elementor-top-column elementor-element elementor-element-105c304\" data-id=\"105c304\" data-element_type=\"column\">\n\t\t\t<div class=\"elementor-column-wrap elementor-element-populated\">\n\t\t\t\t\t\t\t<div class=\"elementor-widget-wrap\">\n\t\t\t\t\t\t<div class=\"elementor-element elementor-element-fdd5d9d elementor-widget elementor-widget-text-editor\" data-id=\"fdd5d9d\" data-element_type=\"widget\" data-widget_type=\"text-editor.default\">\n\t\t\t\t<div class=\"elementor-widget-container\">\n\t\t\t\t\t<div class=\"elementor-text-editor elementor-clearfix\"><p>Jest to gra MMORPG (online role-playing game), oznacza to, \u017ce w tym samym czasie du\u017ca liczba graczy mo\u017ce gra\u0107 ze sob\u0105 w realiach XVI \u2013 XVII wiecznej Rzeczpospolitej Obojga Narod\u00f3w. Podobnie jak w innych rodzajach gier fabularnych gracz wciela si\u0119 w posta\u0107, kieruj\u0105c jej dzia\u0142aniami. Fabu\u0142a gry obliguje gracza do dokonywania wybor\u00f3w, kt\u00f3re skutkuj\u0105 trudnymi do przewidzenia konsekwencjami. Najwi\u0119kszym wyzwaniem stawianym przed graczem jest obrona kraju poprzez systematyczn\u0105 budow\u0119 \u015bwietniejszej od innych pot\u0119gi magnackiej, by\u0107 mo\u017ce nawet zwie\u0144czonej koronacj\u0105. Fabu\u0142a gry osadzona jest w XVI i XVII wieku czyli w realiach Rzeczpospolitej elekcyjnej. Rozgrywka toczy si\u0119 na terenie Kr\u00f3lestwa Polskiego oraz Wielkiego Ksi\u0119stwa Litewskiego z uwzgl\u0119dnieniem \u00f3wczesnej geografii. Mo\u017cemy przemieszcza\u0107 si\u0119 pomi\u0119dzy najwi\u0119kszymi polskimi i zagranicznymi miastami. Celem gry jest poznanie przez gracza reali\u00f3w \u015bwiata tych czas\u00f3w. Pomagaj\u0105 przy tym bardzo ciekawie skonstruowane postacie, zar\u00f3wno historyczne np. kr\u00f3l Jan III Sobieski, Hetman Hieronim Augustyn Lubomirski lub hetman Jerzy Sebastian Lubomirski, jaki r\u00f3wnie\u017c postacie z naszego narodowego skarbu literatury \u2013 trylogii Sienkiewicza \u201eOgniem i Mieczem\u201d \u2013 Zag\u0142oba, Bohun i inni.<\/p><\/div>\n\t\t\t\t<\/div>\n\t\t\t\t<\/div>\n\t\t\t\t<div class=\"elementor-element elementor-element-db836bc elementor-aspect-ratio-169 elementor-widget elementor-widget-video\" data-id=\"db836bc\" data-element_type=\"widget\" data-settings=\"{&quot;aspect_ratio&quot;:&quot;169&quot;}\" data-widget_type=\"video.default\">\n\t\t\t\t<div class=\"elementor-widget-container\">\n\t\t\t\t\t<div class=\"elementor-wrapper elementor-fit-aspect-ratio elementor-open-inline\">\n\t\t\t<iframe class=\"elementor-video-iframe\" allowfullscreen title=\"youtube Video Player\" src=\"https:\/\/www.youtube.com\/embed\/Q5x8pfdiWvA?feature=oembed&amp;start&amp;end&amp;wmode=opaque&amp;loop=0&amp;controls=1&amp;mute=1&amp;rel=0&amp;modestbranding=0\"><\/iframe>\t\t<\/div>\n\t\t\t\t<\/div>\n\t\t\t\t<\/div>\n\t\t\t\t<div class=\"elementor-element elementor-element-ccfafa9 elementor-widget elementor-widget-image\" data-id=\"ccfafa9\" data-element_type=\"widget\" data-widget_type=\"image.default\">\n\t\t\t\t<div class=\"elementor-widget-container\">\n\t\t\t\t\t<div class=\"elementor-image\">\n\t\t\t\t\t\t\t\t\t\t<img width=\"584\" height=\"329\" src=\"http:\/\/zameklubniewice.pl\/wp-content\/uploads\/2020\/09\/korona-screen-2-2560-1024x576.jpg\" class=\"attachment-large size-large\" alt=\"\" decoding=\"async\" loading=\"lazy\" srcset=\"http:\/\/zameklubniewice.pl\/wp-content\/uploads\/2020\/09\/korona-screen-2-2560-1024x576.jpg 1024w, http:\/\/zameklubniewice.pl\/wp-content\/uploads\/2020\/09\/korona-screen-2-2560-300x169.jpg 300w, http:\/\/zameklubniewice.pl\/wp-content\/uploads\/2020\/09\/korona-screen-2-2560-768x432.jpg 768w, http:\/\/zameklubniewice.pl\/wp-content\/uploads\/2020\/09\/korona-screen-2-2560-1536x864.jpg 1536w, http:\/\/zameklubniewice.pl\/wp-content\/uploads\/2020\/09\/korona-screen-2-2560-2048x1152.jpg 2048w, http:\/\/zameklubniewice.pl\/wp-content\/uploads\/2020\/09\/korona-screen-2-2560-500x281.jpg 500w\" sizes=\"(max-width: 584px) 100vw, 584px\" \/>\t\t\t\t\t\t\t\t\t\t\t<\/div>\n\t\t\t\t<\/div>\n\t\t\t\t<\/div>\n\t\t\t\t\t\t<\/div>\n\t\t\t\t\t<\/div>\n\t\t<\/div>\n\t\t\t\t\t\t\t\t<\/div>\n\t\t\t\t\t<\/div>\n\t\t<\/section>\n\t\t\t\t<section class=\"elementor-section elementor-top-section elementor-element elementor-element-b5757f0 elementor-section-boxed elementor-section-height-default elementor-section-height-default\" data-id=\"b5757f0\" data-element_type=\"section\">\n\t\t\t\t\t\t<div class=\"elementor-container elementor-column-gap-default\">\n\t\t\t\t\t\t\t<div class=\"elementor-row\">\n\t\t\t\t\t<div class=\"elementor-column elementor-col-100 elementor-top-column elementor-element elementor-element-b0b3512\" data-id=\"b0b3512\" data-element_type=\"column\">\n\t\t\t<div class=\"elementor-column-wrap elementor-element-populated\">\n\t\t\t\t\t\t\t<div class=\"elementor-widget-wrap\">\n\t\t\t\t\t\t<div class=\"elementor-element elementor-element-291918d elementor-widget elementor-widget-text-editor\" data-id=\"291918d\" data-element_type=\"widget\" data-widget_type=\"text-editor.default\">\n\t\t\t\t<div class=\"elementor-widget-container\">\n\t\t\t\t\t<div class=\"elementor-text-editor elementor-clearfix\"><\/div>\n\t\t\t\t<\/div>\n\t\t\t\t<\/div>\n\t\t\t\t<div class=\"elementor-element elementor-element-67ca279 elementor-arrows-position-inside elementor-pagination-position-outside elementor-widget elementor-widget-image-carousel\" data-id=\"67ca279\" data-element_type=\"widget\" data-settings=\"{&quot;navigation&quot;:&quot;both&quot;,&quot;autoplay&quot;:&quot;yes&quot;,&quot;pause_on_hover&quot;:&quot;yes&quot;,&quot;pause_on_interaction&quot;:&quot;yes&quot;,&quot;autoplay_speed&quot;:5000,&quot;infinite&quot;:&quot;yes&quot;,&quot;speed&quot;:500}\" data-widget_type=\"image-carousel.default\">\n\t\t\t\t<div class=\"elementor-widget-container\">\n\t\t\t\t\t<div class=\"elementor-image-carousel-wrapper swiper-container\" dir=\"ltr\">\n\t\t\t<div class=\"elementor-image-carousel swiper-wrapper\">\n\t\t\t\t<div class=\"swiper-slide\"><figure class=\"swiper-slide-inner\"><img decoding=\"async\" class=\"swiper-slide-image\" src=\"http:\/\/zameklubniewice.pl\/wp-content\/uploads\/2020\/09\/s-150x150.jpg\" alt=\"s\" \/><\/figure><\/div><div class=\"swiper-slide\"><figure class=\"swiper-slide-inner\"><img decoding=\"async\" class=\"swiper-slide-image\" src=\"http:\/\/zameklubniewice.pl\/wp-content\/uploads\/2020\/09\/1-150x150.png\" alt=\"1\" \/><\/figure><\/div><div class=\"swiper-slide\"><figure class=\"swiper-slide-inner\"><img decoding=\"async\" class=\"swiper-slide-image\" src=\"http:\/\/zameklubniewice.pl\/wp-content\/uploads\/2020\/09\/3-1-150x150.png\" alt=\"3\" \/><\/figure><\/div><div class=\"swiper-slide\"><figure class=\"swiper-slide-inner\"><img decoding=\"async\" class=\"swiper-slide-image\" src=\"http:\/\/zameklubniewice.pl\/wp-content\/uploads\/2020\/09\/Posta\u0107-150x150.jpg\" alt=\"Posta\u0107\" \/><\/figure><\/div><div class=\"swiper-slide\"><figure class=\"swiper-slide-inner\"><img decoding=\"async\" class=\"swiper-slide-image\" src=\"http:\/\/zameklubniewice.pl\/wp-content\/uploads\/2020\/09\/korona-screen-2-2560-150x150.jpg\" alt=\"korona-screen-2-2560\" \/><\/figure><\/div>\t\t\t<\/div>\n\t\t\t\t\t\t\t\t\t\t\t\t<div class=\"swiper-pagination\"><\/div>\n\t\t\t\t\t\t\t\t\t\t\t\t\t<div class=\"elementor-swiper-button elementor-swiper-button-prev\">\n\t\t\t\t\t\t<i class=\"eicon-chevron-left\" aria-hidden=\"true\"><\/i>\n\t\t\t\t\t\t<span class=\"elementor-screen-only\">Previous<\/span>\n\t\t\t\t\t<\/div>\n\t\t\t\t\t<div class=\"elementor-swiper-button elementor-swiper-button-next\">\n\t\t\t\t\t\t<i class=\"eicon-chevron-right\" aria-hidden=\"true\"><\/i>\n\t\t\t\t\t\t<span class=\"elementor-screen-only\">Next<\/span>\n\t\t\t\t\t<\/div>\n\t\t\t\t\t\t\t\t\t<\/div>\n\t\t\t\t<\/div>\n\t\t\t\t<\/div>\n\t\t\t\t<div class=\"elementor-element elementor-element-14f40fc elementor-widget elementor-widget-text-editor\" data-id=\"14f40fc\" data-element_type=\"widget\" data-widget_type=\"text-editor.default\">\n\t\t\t\t<div class=\"elementor-widget-container\">\n\t\t\t\t\t<div class=\"elementor-text-editor elementor-clearfix\"><div dir=\"auto\">Mamy przyjemno\u015b\u0107 poinformowa\u0107, \u017ce g\u0142\u00f3wnym lektorem w naszej grze jest nie kto inny jak Daniel Olbrychski!<\/div>\n<div dir=\"auto\">\u00a0<\/div>\n<div dir=\"auto\">Nie zdradzamy jeszcze szczeg\u00f3\u0142\u00f3w, ale wielokrotnie b\u0119dzie mo\u017cna us\u0142ysze\u0107 jego g\u0142os podczas rozgrywki. Przypominamy, \u017ce to w\u0142a\u015bnie Pan Daniel o\u017cywi\u0142 tak istotn\u0105 dla naszej literatury posta\u0107 Kmicica, kt\u00f3ra r\u00f3wnie\u017c pojawi si\u0119 w naszej grze.<\/div><\/div>\n\t\t\t\t<\/div>\n\t\t\t\t<\/div>\n\t\t\t\t<div class=\"elementor-element elementor-element-cde9119 elementor-align-center elementor-widget elementor-widget-button\" data-id=\"cde9119\" data-element_type=\"widget\" data-widget_type=\"button.default\">\n\t\t\t\t<div class=\"elementor-widget-container\">\n\t\t\t\t\t<div class=\"elementor-button-wrapper\">\n\t\t\t<a href=\"https:\/\/thecrowngame.com\/\" class=\"elementor-button-link elementor-button elementor-size-sm\" role=\"button\">\n\t\t\t\t\t\t<span class=\"elementor-button-content-wrapper\">\n\t\t\t\t\t\t<span class=\"elementor-button-icon elementor-align-icon-left\">\n\t\t\t\t<i aria-hidden=\"true\" class=\"fas fa-gamepad\"><\/i>\t\t\t<\/span>\n\t\t\t\t\t\t<span class=\"elementor-button-text\">Kliknij tutaj, aby wej\u015b\u0107 na stron\u0119 gry!<\/span>\n\t\t<\/span>\n\t\t\t\t\t<\/a>\n\t\t<\/div>\n\t\t\t\t<\/div>\n\t\t\t\t<\/div>\n\t\t\t\t<div class=\"elementor-element elementor-element-de768ec elementor-aspect-ratio-169 elementor-widget elementor-widget-video\" data-id=\"de768ec\" data-element_type=\"widget\" data-settings=\"{&quot;aspect_ratio&quot;:&quot;169&quot;}\" data-widget_type=\"video.default\">\n\t\t\t\t<div class=\"elementor-widget-container\">\n\t\t\t\t\t<div class=\"elementor-wrapper elementor-fit-aspect-ratio elementor-open-inline\">\n\t\t\t\t\t<video class=\"elementor-video\" src=\"http:\/\/zameklubniewice.pl\/wp-content\/uploads\/2020\/09\/105576096_701284967372237_3708337774899080470_n.mp4\" controls=\"\" controlsList=\"nodownload\"><\/video>\n\t\t\t\t<\/div>\n\t\t\t\t<\/div>\n\t\t\t\t<\/div>\n\t\t\t\t\t\t<\/div>\n\t\t\t\t\t<\/div>\n\t\t<\/div>\n\t\t\t\t\t\t\t\t<\/div>\n\t\t\t\t\t<\/div>\n\t\t<\/section>\n\t\t\t\t<section class=\"elementor-section elementor-top-section elementor-element elementor-element-373ff49 elementor-section-boxed elementor-section-height-default elementor-section-height-default\" data-id=\"373ff49\" data-element_type=\"section\">\n\t\t\t\t\t\t<div class=\"elementor-container elementor-column-gap-default\">\n\t\t\t\t\t\t\t<div class=\"elementor-row\">\n\t\t\t\t\t<div class=\"elementor-column elementor-col-100 elementor-top-column elementor-element elementor-element-43821fd\" data-id=\"43821fd\" data-element_type=\"column\">\n\t\t\t<div class=\"elementor-column-wrap elementor-element-populated\">\n\t\t\t\t\t\t\t<div class=\"elementor-widget-wrap\">\n\t\t\t\t\t\t<div class=\"elementor-element elementor-element-822f25e elementor-align-center elementor-widget elementor-widget-button\" data-id=\"822f25e\" data-element_type=\"widget\" data-widget_type=\"button.default\">\n\t\t\t\t<div class=\"elementor-widget-container\">\n\t\t\t\t\t<div class=\"elementor-button-wrapper\">\n\t\t\t<a href=\"#\" class=\"elementor-button-link elementor-button elementor-size-sm\" role=\"button\">\n\t\t\t\t\t\t<span class=\"elementor-button-content-wrapper\">\n\t\t\t\t\t\t<span class=\"elementor-button-icon elementor-align-icon-left\">\n\t\t\t\t<i aria-hidden=\"true\" class=\"fas fa-gamepad\"><\/i>\t\t\t<\/span>\n\t\t\t\t\t\t<span class=\"elementor-button-text\">Kliknij tutaj, aby przej\u015b\u0107 na stron\u0119 gry i rozpocz\u0105\u0107 rozgrywk\u0119!<\/span>\n\t\t<\/span>\n\t\t\t\t\t<\/a>\n\t\t<\/div>\n\t\t\t\t<\/div>\n\t\t\t\t<\/div>\n\t\t\t\t\t\t<\/div>\n\t\t\t\t\t<\/div>\n\t\t<\/div>\n\t\t\t\t\t\t\t\t<\/div>\n\t\t\t\t\t<\/div>\n\t\t<\/section>\n\t\t\t\t<section class=\"elementor-section elementor-top-section elementor-element elementor-element-3a047ae elementor-section-boxed elementor-section-height-default elementor-section-height-default\" data-id=\"3a047ae\" data-element_type=\"section\">\n\t\t\t\t\t\t<div class=\"elementor-container elementor-column-gap-default\">\n\t\t\t\t\t\t\t<div class=\"elementor-row\">\n\t\t\t\t\t<div class=\"elementor-column elementor-col-100 elementor-top-column elementor-element elementor-element-8ec837b\" data-id=\"8ec837b\" data-element_type=\"column\">\n\t\t\t<div class=\"elementor-column-wrap elementor-element-populated\">\n\t\t\t\t\t\t\t<div class=\"elementor-widget-wrap\">\n\t\t\t\t\t\t<div class=\"elementor-element elementor-element-ca62b9c elementor-widget elementor-widget-text-editor\" data-id=\"ca62b9c\" data-element_type=\"widget\" data-widget_type=\"text-editor.default\">\n\t\t\t\t<div class=\"elementor-widget-container\">\n\t\t\t\t\t<div class=\"elementor-text-editor elementor-clearfix\"><p>Zobacz te\u017c nas na naszych portalach internetowych oraz wejd\u017a na oficjaln\u0105 stron\u0119 gry i ju\u017c dzi\u015b sta\u0144 si\u0119 kr\u00f3lem Rzeczpospolitej!<\/p><\/div>\n\t\t\t\t<\/div>\n\t\t\t\t<\/div>\n\t\t\t\t<div class=\"elementor-element elementor-element-d5b764c elementor-shape-rounded elementor-grid-0 elementor-widget elementor-widget-social-icons\" data-id=\"d5b764c\" data-element_type=\"widget\" data-widget_type=\"social-icons.default\">\n\t\t\t\t<div class=\"elementor-widget-container\">\n\t\t\t\t\t<div class=\"elementor-social-icons-wrapper elementor-grid\">\n\t\t\t\t\t\t\t<div class=\"elementor-grid-item\">\n\t\t\t\t\t<a class=\"elementor-icon elementor-social-icon elementor-social-icon-facebook elementor-repeater-item-7fa4704\" target=\"_blank\">\n\t\t\t\t\t\t<span class=\"elementor-screen-only\">Facebook<\/span>\n\t\t\t\t\t\t<i class=\"fab fa-facebook\"><\/i>\t\t\t\t\t<\/a>\n\t\t\t\t<\/div>\n\t\t\t\t\t\t\t<div class=\"elementor-grid-item\">\n\t\t\t\t\t<a class=\"elementor-icon elementor-social-icon elementor-social-icon-instagram elementor-repeater-item-77ba15b\" href=\"https:\/\/www.instagram.com\/thecrowngame\/\" target=\"_blank\">\n\t\t\t\t\t\t<span class=\"elementor-screen-only\">Instagram<\/span>\n\t\t\t\t\t\t<i class=\"fab fa-instagram\"><\/i>\t\t\t\t\t<\/a>\n\t\t\t\t<\/div>\n\t\t\t\t\t\t\t<div class=\"elementor-grid-item\">\n\t\t\t\t\t<a class=\"elementor-icon elementor-social-icon elementor-social-icon-gamepad elementor-repeater-item-eb15c1c\" href=\"https:\/\/thecrowngame.com\/\" target=\"_blank\">\n\t\t\t\t\t\t<span class=\"elementor-screen-only\">Gamepad<\/span>\n\t\t\t\t\t\t<i class=\"fas fa-gamepad\"><\/i>\t\t\t\t\t<\/a>\n\t\t\t\t<\/div>\n\t\t\t\t\t<\/div>\n\t\t\t\t<\/div>\n\t\t\t\t<\/div>\n\t\t\t\t\t\t<\/div>\n\t\t\t\t\t<\/div>\n\t\t<\/div>\n\t\t\t\t\t\t\t\t<\/div>\n\t\t\t\t\t<\/div>\n\t\t<\/section>\n\t\t\t\t\t\t<\/div>\n\t\t\t\t\t\t<\/div>\n\t\t\t\t\t<\/div>\n\t\t","protected":false},"excerpt":{"rendered":"<p>The Crown Korona Rzeczpospolitej- Game Jest to gra MMORPG (online role-playing game), oznacza to, \u017ce w tym samym czasie du\u017ca liczba graczy mo\u017ce gra\u0107 ze sob\u0105 w realiach XVI \u2013 XVII wiecznej Rzeczpospolitej Obojga Narod\u00f3w. Podobnie jak w innych rodzajach &hellip; <a href=\"http:\/\/zameklubniewice.pl\/?page_id=105\">Czytaj dalej <span class=\"meta-nav\">&rarr;<\/span><\/a><\/p>\n","protected":false},"author":1,"featured_media":117,"parent":0,"menu_order":0,"comment_status":"closed","ping_status":"closed","template":"","meta":{"sfsi_plus_gutenberg_text_before_share":"","sfsi_plus_gutenberg_show_text_before_share":"","sfsi_plus_gutenberg_icon_type":"","sfsi_plus_gutenberg_icon_alignemt":"","sfsi_plus_gutenburg_max_per_row":""},"_links":{"self":[{"href":"http:\/\/zameklubniewice.pl\/index.php?rest_route=\/wp\/v2\/pages\/105"}],"collection":[{"href":"http:\/\/zameklubniewice.pl\/index.php?rest_route=\/wp\/v2\/pages"}],"about":[{"href":"http:\/\/zameklubniewice.pl\/index.php?rest_route=\/wp\/v2\/types\/page"}],"author":[{"embeddable":true,"href":"http:\/\/zameklubniewice.pl\/index.php?rest_route=\/wp\/v2\/users\/1"}],"replies":[{"embeddable":true,"href":"http:\/\/zameklubniewice.pl\/index.php?rest_route=%2Fwp%2Fv2%2Fcomments&post=105"}],"version-history":[{"count":14,"href":"http:\/\/zameklubniewice.pl\/index.php?rest_route=\/wp\/v2\/pages\/105\/revisions"}],"predecessor-version":[{"id":138,"href":"http:\/\/zameklubniewice.pl\/index.php?rest_route=\/wp\/v2\/pages\/105\/revisions\/138"}],"wp:featuredmedia":[{"embeddable":true,"href":"http:\/\/zameklubniewice.pl\/index.php?rest_route=\/wp\/v2\/media\/117"}],"wp:attachment":[{"href":"http:\/\/zameklubniewice.pl\/index.php?rest_route=%2Fwp%2Fv2%2Fmedia&parent=105"}],"curies":[{"name":"wp","href":"https:\/\/api.w.org\/{rel}","templated":true}]}}