{"id":21,"date":"2020-07-08T15:19:26","date_gmt":"2020-07-08T13:19:26","guid":{"rendered":"http:\/\/zameklubniewice.pl\/?page_id=21"},"modified":"2020-09-14T14:39:59","modified_gmt":"2020-09-14T12:39:59","slug":"opis-o-dotychczasowej-dzialalnosci","status":"publish","type":"page","link":"http:\/\/zameklubniewice.pl\/?page_id=21","title":{"rendered":"Dzia\u0142alno\u015b\u0107 Fundacji Ksi\u0105\u017c\u0105t Lubomirskich"},"content":{"rendered":"\t\t<div data-elementor-type=\"wp-page\" data-elementor-id=\"21\" class=\"elementor elementor-21\" data-elementor-settings=\"[]\">\n\t\t\t\t\t\t<div class=\"elementor-inner\">\n\t\t\t\t\t\t\t<div class=\"elementor-section-wrap\">\n\t\t\t\t\t\t\t<section class=\"elementor-section elementor-top-section elementor-element elementor-element-4ecb5d2f elementor-section-boxed elementor-section-height-default elementor-section-height-default\" data-id=\"4ecb5d2f\" data-element_type=\"section\">\n\t\t\t\t\t\t<div class=\"elementor-container elementor-column-gap-default\">\n\t\t\t\t\t\t\t<div class=\"elementor-row\">\n\t\t\t\t\t<div class=\"elementor-column elementor-col-100 elementor-top-column elementor-element elementor-element-7503246b\" data-id=\"7503246b\" data-element_type=\"column\">\n\t\t\t<div class=\"elementor-column-wrap elementor-element-populated\">\n\t\t\t\t\t\t\t<div class=\"elementor-widget-wrap\">\n\t\t\t\t\t\t<div class=\"elementor-element elementor-element-1024f30e elementor-widget elementor-widget-text-editor\" data-id=\"1024f30e\" data-element_type=\"widget\" data-widget_type=\"text-editor.default\">\n\t\t\t\t<div class=\"elementor-widget-container\">\n\t\t\t\t\t<div class=\"elementor-text-editor elementor-clearfix\"><p><!-- wp:paragraph {\"dropCap\":true} --><\/p>\n<p class=\"has-drop-cap\">Fundacja<br>Ksi\u0105\u017c\u0105t Lubomirskich, kt\u00f3rej Prezesem jest Jan Lubomirski-Lanckoro\u0144ski,<br>w\u0142a\u015bciciel Zamku, od lat dzia\u0142a na rzecz wsparcia i promocji Lubniewic. W<br>&nbsp; &nbsp; &nbsp; &nbsp; &nbsp; &nbsp; &nbsp;ostatnim czasie uda\u0142o si\u0119 wspiera\u0107 lub organizowa\u0107 inicjatywy takie jak:<\/p>\n<p><!-- \/wp:paragraph --><\/p>\n<p><!-- wp:paragraph --><\/p>\n<p>1.&nbsp;&nbsp;&nbsp;&nbsp;&nbsp;&nbsp;&nbsp;&nbsp; Dofinansowanie wizyty \u015aw. Miko\u0142aja w Lubniewicach<\/p>\n<p><!-- \/wp:paragraph --><\/p>\n<p><!-- wp:paragraph --><\/p>\n<p>2.&nbsp;&nbsp;&nbsp;&nbsp;&nbsp;&nbsp;&nbsp;&nbsp; Wsparcie projektu \u201eZdrowa gmina Lubniewice\u201d<\/p>\n<p><!-- \/wp:paragraph --><\/p>\n<p><!-- wp:paragraph --><\/p>\n<p>3.&nbsp;&nbsp;&nbsp;&nbsp;&nbsp;&nbsp;&nbsp;&nbsp; Wieloletnie wsparcie Gminnego \u015awi\u0119ta Sandacza w Lubniewicach<\/p>\n<p><!-- \/wp:paragraph --><\/p>\n<p><!-- wp:paragraph --><\/p>\n<p>5.&nbsp;&nbsp;&nbsp;&nbsp;&nbsp;&nbsp;&nbsp;&nbsp; Zakup nagr\u00f3d dla uczestnik\u00f3w III Karpiowych Zawod\u00f3w W\u0119dkarskich w&nbsp; &nbsp; &nbsp; &nbsp; &nbsp; Lubniewicach<\/p>\n<p><!-- \/wp:paragraph --><\/p>\n<p><!-- wp:paragraph --><\/p>\n<p>6.&nbsp;&nbsp;&nbsp;&nbsp;&nbsp;&nbsp;&nbsp;&nbsp; Dofinansowanie zakupu pojazdu terenowego dla&nbsp; WOPR-u w Lubniewicach<\/p>\n<p><!-- \/wp:paragraph --><\/p>\n<p><!-- wp:paragraph --><\/p>\n<p>7.&nbsp;&nbsp;&nbsp;&nbsp;&nbsp;&nbsp;&nbsp;&nbsp; Dofinansowanie quada wraz z przyczep\u0105 dla WOPR-u w<br>Lubniewicach<\/p>\n<p><!-- \/wp:paragraph --><\/p>\n<p><!-- wp:paragraph --><\/p>\n<p>8.&nbsp;&nbsp;&nbsp;&nbsp;&nbsp;&nbsp;&nbsp;&nbsp; Wsp\u00f3\u0142finansowanie planu zagospodarowania i rewitalizacji<br>miasta Lubniewice<\/p>\n<p><!-- \/wp:paragraph --><\/p>\n<p><!-- wp:paragraph --><\/p>\n<p>9.&nbsp;&nbsp;&nbsp;&nbsp;&nbsp;&nbsp;&nbsp;&nbsp; Fundacja Ksi\u0105\u017c\u0105t Lubomirskich udost\u0119pni\u0142a swoj\u0105 siedzib\u0119 do<br>spotkania podczas kt\u00f3rego zaprezentowany zosta\u0142 potencja\u0142 portu lotniczego w<br>Zielonej G\u00f3rze. Konferencja poprzedza\u0142a inauguracj\u0119 lot\u00f3w na linii wojew\u00f3dztw<br>Lubuskiego \u2013 Ma\u0142opolskiego.<\/p>\n<p><!-- \/wp:paragraph --><\/p>\n<p><!-- wp:paragraph --><\/p>\n<p>10.&nbsp;&nbsp;&nbsp;&nbsp;&nbsp;&nbsp; U\u017cyczaj\u0105c pa\u0142acu wraz z kompleksem<br>parkowym do r\u00f3\u017cnych produkcji filmowych (Film \u201eEvil Rising\u201d, \u201eSztuka kochania\u201d,<br>teledyski \u2013 do utwor\u00f3w Donatana, Cleo i Maryli Rodowicz \u201ePe\u0142nia\u201d oraz \u201eSztorm\u201d.)<\/p>\n<p><!-- \/wp:paragraph --><\/p><\/div>\n\t\t\t\t<\/div>\n\t\t\t\t<\/div>\n\t\t\t\t\t\t<\/div>\n\t\t\t\t\t<\/div>\n\t\t<\/div>\n\t\t\t\t\t\t\t\t<\/div>\n\t\t\t\t\t<\/div>\n\t\t<\/section>\n\t\t\t\t<section class=\"elementor-section elementor-top-section elementor-element elementor-element-cfaadb1 elementor-section-boxed elementor-section-height-default elementor-section-height-default\" data-id=\"cfaadb1\" data-element_type=\"section\">\n\t\t\t\t\t\t<div class=\"elementor-container elementor-column-gap-default\">\n\t\t\t\t\t\t\t<div class=\"elementor-row\">\n\t\t\t\t\t<div class=\"elementor-column elementor-col-100 elementor-top-column elementor-element elementor-element-92cddcb\" data-id=\"92cddcb\" data-element_type=\"column\">\n\t\t\t<div class=\"elementor-column-wrap elementor-element-populated\">\n\t\t\t\t\t\t\t<div class=\"elementor-widget-wrap\">\n\t\t\t\t\t\t<div class=\"elementor-element elementor-element-bfb8cbc elementor-aspect-ratio-169 elementor-widget elementor-widget-video\" data-id=\"bfb8cbc\" data-element_type=\"widget\" data-settings=\"{&quot;aspect_ratio&quot;:&quot;169&quot;}\" data-widget_type=\"video.default\">\n\t\t\t\t<div class=\"elementor-widget-container\">\n\t\t\t\t\t<div class=\"elementor-wrapper elementor-fit-aspect-ratio elementor-open-inline\">\n\t\t\t<iframe class=\"elementor-video-iframe\" allowfullscreen title=\"youtube Video Player\" src=\"https:\/\/www.youtube.com\/embed\/diaXSNeA81Y?feature=oembed&amp;start&amp;end&amp;wmode=opaque&amp;loop=0&amp;controls=1&amp;mute=0&amp;rel=0&amp;modestbranding=0\"><\/iframe>\t\t<\/div>\n\t\t\t\t<\/div>\n\t\t\t\t<\/div>\n\t\t\t\t\t\t<\/div>\n\t\t\t\t\t<\/div>\n\t\t<\/div>\n\t\t\t\t\t\t\t\t<\/div>\n\t\t\t\t\t<\/div>\n\t\t<\/section>\n\t\t\t\t\t\t<\/div>\n\t\t\t\t\t\t<\/div>\n\t\t\t\t\t<\/div>\n\t\t","protected":false},"excerpt":{"rendered":"<p>FundacjaKsi\u0105\u017c\u0105t Lubomirskich, kt\u00f3rej Prezesem jest Jan Lubomirski-Lanckoro\u0144ski,w\u0142a\u015bciciel Zamku, od lat dzia\u0142a na rzecz wsparcia i promocji Lubniewic. W&nbsp; &nbsp; &nbsp; &nbsp; &nbsp; &nbsp; &nbsp;ostatnim czasie uda\u0142o si\u0119 wspiera\u0107 lub organizowa\u0107 inicjatywy takie jak: 1.&nbsp;&nbsp;&nbsp;&nbsp;&nbsp;&nbsp;&nbsp;&nbsp; Dofinansowanie wizyty \u015aw. Miko\u0142aja w Lubniewicach &hellip; <a href=\"http:\/\/zameklubniewice.pl\/?page_id=21\">Czytaj dalej <span class=\"meta-nav\">&rarr;<\/span><\/a><\/p>\n","protected":false},"author":1,"featured_media":0,"parent":0,"menu_order":0,"comment_status":"closed","ping_status":"closed","template":"","meta":{"sfsi_plus_gutenberg_text_before_share":"","sfsi_plus_gutenberg_show_text_before_share":"","sfsi_plus_gutenberg_icon_type":"","sfsi_plus_gutenberg_icon_alignemt":"","sfsi_plus_gutenburg_max_per_row":""},"_links":{"self":[{"href":"http:\/\/zameklubniewice.pl\/index.php?rest_route=\/wp\/v2\/pages\/21"}],"collection":[{"href":"http:\/\/zameklubniewice.pl\/index.php?rest_route=\/wp\/v2\/pages"}],"about":[{"href":"http:\/\/zameklubniewice.pl\/index.php?rest_route=\/wp\/v2\/types\/page"}],"author":[{"embeddable":true,"href":"http:\/\/zameklubniewice.pl\/index.php?rest_route=\/wp\/v2\/users\/1"}],"replies":[{"embeddable":true,"href":"http:\/\/zameklubniewice.pl\/index.php?rest_route=%2Fwp%2Fv2%2Fcomments&post=21"}],"version-history":[{"count":5,"href":"http:\/\/zameklubniewice.pl\/index.php?rest_route=\/wp\/v2\/pages\/21\/revisions"}],"predecessor-version":[{"id":154,"href":"http:\/\/zameklubniewice.pl\/index.php?rest_route=\/wp\/v2\/pages\/21\/revisions\/154"}],"wp:attachment":[{"href":"http:\/\/zameklubniewice.pl\/index.php?rest_route=%2Fwp%2Fv2%2Fmedia&parent=21"}],"curies":[{"name":"wp","href":"https:\/\/api.w.org\/{rel}","templated":true}]}}