{"id":42,"date":"2020-07-08T15:19:26","date_gmt":"2020-07-08T13:19:26","guid":{"rendered":"http:\/\/zameklubniewice.pl\/?page_id=42"},"modified":"2025-06-18T18:31:03","modified_gmt":"2025-06-18T16:31:03","slug":"eventy-zwiedzanie-wesela","status":"publish","type":"page","link":"http:\/\/zameklubniewice.pl\/?page_id=42","title":{"rendered":"Zwiedzanie, sesje zdj\u0119ciowe, indywidualne propozycje"},"content":{"rendered":"\t\t<div data-elementor-type=\"wp-page\" data-elementor-id=\"42\" class=\"elementor elementor-42\" data-elementor-settings=\"[]\">\n\t\t\t\t\t\t<div class=\"elementor-inner\">\n\t\t\t\t\t\t\t<div class=\"elementor-section-wrap\">\n\t\t\t\t\t\t\t<section class=\"elementor-section elementor-top-section elementor-element elementor-element-6db6a803 elementor-section-boxed elementor-section-height-default elementor-section-height-default\" data-id=\"6db6a803\" data-element_type=\"section\">\n\t\t\t\t\t\t<div class=\"elementor-container elementor-column-gap-default\">\n\t\t\t\t\t\t\t<div class=\"elementor-row\">\n\t\t\t\t\t<div class=\"elementor-column elementor-col-100 elementor-top-column elementor-element elementor-element-61e10311\" data-id=\"61e10311\" data-element_type=\"column\">\n\t\t\t<div class=\"elementor-column-wrap elementor-element-populated\">\n\t\t\t\t\t\t\t<div class=\"elementor-widget-wrap\">\n\t\t\t\t\t\t<div class=\"elementor-element elementor-element-6c502377 elementor-widget elementor-widget-text-editor\" data-id=\"6c502377\" data-element_type=\"widget\" data-widget_type=\"text-editor.default\">\n\t\t\t\t<div class=\"elementor-widget-container\">\n\t\t\t\t\t<div class=\"elementor-text-editor elementor-clearfix\"><p>Informacje o zwiedzaniu i cenniku dost\u0119pne s\u0105 na nowej stronie <a href=\"https:\/\/makagency.my.canva.site\/zamek-ksiazat-lubomirskich-w-lubniewicach\">Zamku Ksi\u0105\u017c\u0105t Lubomirskich w Lubniewicach<\/a>.\u00a0<\/p>\n<p>Link do nowej strony:\u00a0<a style=\"font-size: 15px;\" href=\"https:\/\/makagency.my.canva.site\/zamek-ksiazat-lubomirskich-w-lubniewicach\">https:\/\/makagency.my.canva.site\/zamek-ksiazat-lubomirskich-w-lubniewicach<\/a><\/p><\/div>\n\t\t\t\t<\/div>\n\t\t\t\t<\/div>\n\t\t\t\t\t\t<\/div>\n\t\t\t\t\t<\/div>\n\t\t<\/div>\n\t\t\t\t\t\t\t\t<\/div>\n\t\t\t\t\t<\/div>\n\t\t<\/section>\n\t\t\t\t<section class=\"elementor-section elementor-top-section elementor-element elementor-element-5e68fe6 elementor-section-boxed elementor-section-height-default elementor-section-height-default\" data-id=\"5e68fe6\" data-element_type=\"section\">\n\t\t\t\t\t\t<div class=\"elementor-container elementor-column-gap-default\">\n\t\t\t\t\t\t\t<div class=\"elementor-row\">\n\t\t\t\t\t<div class=\"elementor-column elementor-col-100 elementor-top-column elementor-element elementor-element-745f3ca\" data-id=\"745f3ca\" data-element_type=\"column\">\n\t\t\t<div class=\"elementor-column-wrap elementor-element-populated\">\n\t\t\t\t\t\t\t<div class=\"elementor-widget-wrap\">\n\t\t\t\t\t\t<div class=\"elementor-element elementor-element-ced186f elementor-widget elementor-widget-image\" data-id=\"ced186f\" data-element_type=\"widget\" data-widget_type=\"image.default\">\n\t\t\t\t<div class=\"elementor-widget-container\">\n\t\t\t\t\t<div class=\"elementor-image\">\n\t\t\t\t\t\t\t\t\t\t<img width=\"584\" height=\"254\" src=\"http:\/\/zameklubniewice.pl\/wp-content\/uploads\/2025\/06\/Zrzut-ekranu-2025-06-12-o-11.46.54-1-1024x445.png\" class=\"attachment-large size-large\" alt=\"\" decoding=\"async\" loading=\"lazy\" srcset=\"http:\/\/zameklubniewice.pl\/wp-content\/uploads\/2025\/06\/Zrzut-ekranu-2025-06-12-o-11.46.54-1-1024x445.png 1024w, http:\/\/zameklubniewice.pl\/wp-content\/uploads\/2025\/06\/Zrzut-ekranu-2025-06-12-o-11.46.54-1-300x130.png 300w, http:\/\/zameklubniewice.pl\/wp-content\/uploads\/2025\/06\/Zrzut-ekranu-2025-06-12-o-11.46.54-1-768x334.png 768w, http:\/\/zameklubniewice.pl\/wp-content\/uploads\/2025\/06\/Zrzut-ekranu-2025-06-12-o-11.46.54-1-1536x667.png 1536w, http:\/\/zameklubniewice.pl\/wp-content\/uploads\/2025\/06\/Zrzut-ekranu-2025-06-12-o-11.46.54-1-500x217.png 500w, http:\/\/zameklubniewice.pl\/wp-content\/uploads\/2025\/06\/Zrzut-ekranu-2025-06-12-o-11.46.54-1.png 1708w\" sizes=\"(max-width: 584px) 100vw, 584px\" \/>\t\t\t\t\t\t\t\t\t\t\t<\/div>\n\t\t\t\t<\/div>\n\t\t\t\t<\/div>\n\t\t\t\t\t\t<\/div>\n\t\t\t\t\t<\/div>\n\t\t<\/div>\n\t\t\t\t\t\t\t\t<\/div>\n\t\t\t\t\t<\/div>\n\t\t<\/section>\n\t\t\t\t\t\t<\/div>\n\t\t\t\t\t\t<\/div>\n\t\t\t\t\t<\/div>\n\t\t","protected":false},"excerpt":{"rendered":"<p>Informacje o zwiedzaniu i cenniku dost\u0119pne s\u0105 na nowej stronie Zamku Ksi\u0105\u017c\u0105t Lubomirskich w Lubniewicach.\u00a0 Link do nowej strony:\u00a0https:\/\/makagency.my.canva.site\/zamek-ksiazat-lubomirskich-w-lubniewicach<\/p>\n","protected":false},"author":1,"featured_media":0,"parent":0,"menu_order":0,"comment_status":"closed","ping_status":"closed","template":"","meta":{"sfsi_plus_gutenberg_text_before_share":"","sfsi_plus_gutenberg_show_text_before_share":"","sfsi_plus_gutenberg_icon_type":"","sfsi_plus_gutenberg_icon_alignemt":"","sfsi_plus_gutenburg_max_per_row":""},"_links":{"self":[{"href":"http:\/\/zameklubniewice.pl\/index.php?rest_route=\/wp\/v2\/pages\/42"}],"collection":[{"href":"http:\/\/zameklubniewice.pl\/index.php?rest_route=\/wp\/v2\/pages"}],"about":[{"href":"http:\/\/zameklubniewice.pl\/index.php?rest_route=\/wp\/v2\/types\/page"}],"author":[{"embeddable":true,"href":"http:\/\/zameklubniewice.pl\/index.php?rest_route=\/wp\/v2\/users\/1"}],"replies":[{"embeddable":true,"href":"http:\/\/zameklubniewice.pl\/index.php?rest_route=%2Fwp%2Fv2%2Fcomments&post=42"}],"version-history":[{"count":13,"href":"http:\/\/zameklubniewice.pl\/index.php?rest_route=\/wp\/v2\/pages\/42\/revisions"}],"predecessor-version":[{"id":453,"href":"http:\/\/zameklubniewice.pl\/index.php?rest_route=\/wp\/v2\/pages\/42\/revisions\/453"}],"wp:attachment":[{"href":"http:\/\/zameklubniewice.pl\/index.php?rest_route=%2Fwp%2Fv2%2Fmedia&parent=42"}],"curies":[{"name":"wp","href":"https:\/\/api.w.org\/{rel}","templated":true}]}}